{"id":212,"date":"2025-01-16T18:50:58","date_gmt":"2025-01-16T18:50:58","guid":{"rendered":"http:\/\/montsegurienne-trail.fr\/?page_id=212"},"modified":"2025-04-07T13:37:22","modified_gmt":"2025-04-07T13:37:22","slug":"infos-pratiques","status":"publish","type":"page","link":"https:\/\/montsegurienne-trail.fr\/?page_id=212","title":{"rendered":"Infos pratiques"},"content":{"rendered":"\n<p><strong>Coordonn\u00e9es de l&rsquo;organisation :<\/strong><br>Comit\u00e9 des Animations de Monts\u00e9gur<br>Mairie<br>32 rue du village<br>09300 MONTS\u00c9GUR<br>email : comitedesanimations.montsegur@gmail.com <br><br><br><\/p>\n\n\n\n<p>\u00a0<strong>Plan d&rsquo;acc\u00e8s :<\/strong><\/p>\n\n\n\n<p><img decoding=\"async\" src=\"https:\/\/montsegurienne-trail.fr\/wp-content\/uploads\/2025\/04\/PlanAccesMtsgr00.jpg\" alt=\"\"><\/p>\n\n\n\n<figure class=\"wp-block-image size-full is-resized\"><img loading=\"lazy\" decoding=\"async\" width=\"1030\" height=\"529\" src=\"https:\/\/montsegurienne-trail.fr\/wp-content\/uploads\/2025\/04\/Image_P1_Departs-Arrivees.png\" alt=\"\" class=\"wp-image-278\" style=\"width:610px;height:auto\" srcset=\"https:\/\/montsegurienne-trail.fr\/wp-content\/uploads\/2025\/04\/Image_P1_Departs-Arrivees.png 1030w, https:\/\/montsegurienne-trail.fr\/wp-content\/uploads\/2025\/04\/Image_P1_Departs-Arrivees-300x154.png 300w, https:\/\/montsegurienne-trail.fr\/wp-content\/uploads\/2025\/04\/Image_P1_Departs-Arrivees-1024x526.png 1024w, https:\/\/montsegurienne-trail.fr\/wp-content\/uploads\/2025\/04\/Image_P1_Departs-Arrivees-768x394.png 768w\" sizes=\"(max-width: 1030px) 100vw, 1030px\" \/><\/figure>\n\n\n","protected":false},"excerpt":{"rendered":"<p>Coordonn\u00e9es de l&rsquo;organisation :Comit\u00e9 des Animations de Monts\u00e9gurMairie32 rue du village09300 MONTS\u00c9GURemail : comitedesanimations.montsegur@gmail.com \u00a0Plan d&rsquo;acc\u00e8s :<\/p>\n","protected":false},"author":2,"featured_media":0,"parent":0,"menu_order":0,"comment_status":"closed","ping_status":"closed","template":"","meta":{"saved_in_kubio":true,"_eb_attr":"","footnotes":""},"class_list":["post-212","page","type-page","status-publish","hentry"],"kubio_ai_page_context":{"short_desc":"","purpose":"general"},"_links":{"self":[{"href":"https:\/\/montsegurienne-trail.fr\/index.php?rest_route=\/wp\/v2\/pages\/212","targetHints":{"allow":["GET"]}}],"collection":[{"href":"https:\/\/montsegurienne-trail.fr\/index.php?rest_route=\/wp\/v2\/pages"}],"about":[{"href":"https:\/\/montsegurienne-trail.fr\/index.php?rest_route=\/wp\/v2\/types\/page"}],"author":[{"embeddable":true,"href":"https:\/\/montsegurienne-trail.fr\/index.php?rest_route=\/wp\/v2\/users\/2"}],"replies":[{"embeddable":true,"href":"https:\/\/montsegurienne-trail.fr\/index.php?rest_route=%2Fwp%2Fv2%2Fcomments&post=212"}],"version-history":[{"count":7,"href":"https:\/\/montsegurienne-trail.fr\/index.php?rest_route=\/wp\/v2\/pages\/212\/revisions"}],"predecessor-version":[{"id":280,"href":"https:\/\/montsegurienne-trail.fr\/index.php?rest_route=\/wp\/v2\/pages\/212\/revisions\/280"}],"wp:attachment":[{"href":"https:\/\/montsegurienne-trail.fr\/index.php?rest_route=%2Fwp%2Fv2%2Fmedia&parent=212"}],"curies":[{"name":"wp","href":"https:\/\/api.w.org\/{rel}","templated":true}]}}