{"id":138,"date":"2025-01-10T17:25:57","date_gmt":"2025-01-10T17:25:57","guid":{"rendered":"http:\/\/montsegurienne-trail.fr\/?page_id=138"},"modified":"2025-04-07T12:16:16","modified_gmt":"2025-04-07T12:16:16","slug":"a-propos","status":"publish","type":"page","link":"https:\/\/montsegurienne-trail.fr\/?page_id=138","title":{"rendered":"\u00c0 propos"},"content":{"rendered":"\n\n\n<p>La Monts\u00e9gurienne est bien plus qu\u2019une simple course. C\u2019est une exp\u00e9rience o\u00f9 sport, culture et nature se croisent, au c\u0153ur des panoramas impressionnants de Monts\u00e9gur et de ses alentours.<\/p>\n\n\n\n<p>&nbsp;<\/p>\n\n\n\n\n\n<p>Le pog de Monts\u00e9gur est le t\u00e9moignage d\u2019un pass\u00e9 marqu\u00e9 par la bravoure et la r\u00e9silience. Pour comprendre pleinement l\u2019\u00e2me de cette course, il faut revenir plusieurs si\u00e8cles en arri\u00e8re, \u00e0 une \u00e9poque o\u00f9 ces terres furent le refuge des cathares et des faydits lors de la croisade contre les albigeois.<\/p>\n\n\n\n\n\n<p>Aujourd\u2019hui, La Monts\u00e9gurienne Trail 1244 offre l\u2019occasion de raviver cette histoire marquante. En foulant ces terres empreintes d\u2019\u00e9motion et de m\u00e9moire, nous rendons hommage au courage de ces hommes et de ces femmes, fugitifs, ravitailleuses, marchands, complices, etc\u2026 Nous honorons leur qu\u00eate de libert\u00e9, tout en relevant, \u00e0 notre mani\u00e8re, un d\u00e9fi sportif et personnel.<\/p>\n\n\n\n<p>&nbsp;<\/p>\n\n\n\n\n\n\n\n<p>&nbsp;<\/p>\n\n\n\n\n\n\n","protected":false},"excerpt":{"rendered":"<p>La Monts\u00e9gurienne est bien plus qu\u2019une simple course. C\u2019est une exp\u00e9rience o\u00f9 sport, culture et nature se croisent, au c\u0153ur des panoramas impressionnants de Monts\u00e9gur et de ses alentours. &nbsp; Le pog de Monts\u00e9gur est le t\u00e9moignage d\u2019un pass\u00e9 marqu\u00e9 par la bravoure et la r\u00e9silience. Pour comprendre pleinement l\u2019\u00e2me de cette course, il faut [&hellip;]<\/p>\n","protected":false},"author":1,"featured_media":152,"parent":0,"menu_order":0,"comment_status":"closed","ping_status":"closed","template":"","meta":{"saved_in_kubio":true,"_eb_attr":"","footnotes":""},"class_list":["post-138","page","type-page","status-publish","has-post-thumbnail","hentry"],"kubio_ai_page_context":{"short_desc":"","purpose":"general"},"_links":{"self":[{"href":"https:\/\/montsegurienne-trail.fr\/index.php?rest_route=\/wp\/v2\/pages\/138","targetHints":{"allow":["GET"]}}],"collection":[{"href":"https:\/\/montsegurienne-trail.fr\/index.php?rest_route=\/wp\/v2\/pages"}],"about":[{"href":"https:\/\/montsegurienne-trail.fr\/index.php?rest_route=\/wp\/v2\/types\/page"}],"author":[{"embeddable":true,"href":"https:\/\/montsegurienne-trail.fr\/index.php?rest_route=\/wp\/v2\/users\/1"}],"replies":[{"embeddable":true,"href":"https:\/\/montsegurienne-trail.fr\/index.php?rest_route=%2Fwp%2Fv2%2Fcomments&post=138"}],"version-history":[{"count":18,"href":"https:\/\/montsegurienne-trail.fr\/index.php?rest_route=\/wp\/v2\/pages\/138\/revisions"}],"predecessor-version":[{"id":262,"href":"https:\/\/montsegurienne-trail.fr\/index.php?rest_route=\/wp\/v2\/pages\/138\/revisions\/262"}],"wp:featuredmedia":[{"embeddable":true,"href":"https:\/\/montsegurienne-trail.fr\/index.php?rest_route=\/wp\/v2\/media\/152"}],"wp:attachment":[{"href":"https:\/\/montsegurienne-trail.fr\/index.php?rest_route=%2Fwp%2Fv2%2Fmedia&parent=138"}],"curies":[{"name":"wp","href":"https:\/\/api.w.org\/{rel}","templated":true}]}}